{"id":119,"date":"2024-08-05T16:06:41","date_gmt":"2024-08-05T14:06:41","guid":{"rendered":"http:\/\/test.macadam-sellerie.com\/?page_id=119"},"modified":"2025-06-02T12:34:42","modified_gmt":"2025-06-02T10:34:42","slug":"prestations-moto","status":"publish","type":"page","link":"https:\/\/test.macadam-sellerie.com\/?page_id=119","title":{"rendered":"Sellerie moto"},"content":{"rendered":"\n<div class=\"wp-block-group alignfull has-base-background-color has-background has-global-padding is-layout-constrained wp-container-core-group-is-layout-669513ed wp-block-group-is-layout-constrained\" style=\"margin-top:0;margin-bottom:0;padding-top:var(--wp--preset--spacing--50);padding-right:var(--wp--preset--spacing--50);padding-bottom:var(--wp--preset--spacing--50);padding-left:var(--wp--preset--spacing--50)\">\n<div class=\"wp-block-group is-vertical is-content-justification-left is-layout-flex wp-container-core-group-is-layout-0c556e27 wp-block-group-is-layout-flex\">\n<h2 class=\"wp-block-heading has-text-align-left is-style-default\">Confort, Style et Sur-mesure<\/h2>\n\n\n\n<div style=\"height:0px\" aria-hidden=\"true\" class=\"wp-block-spacer wp-container-content-4f2ccadb\"><\/div>\n\n\n\n<p class=\"has-text-align-left\">Chez <strong>Macadam Sellerie<\/strong>, nous savons que votre moto est bien plus qu\u2019un simple moyen de transport : c\u2019est une passion, un style de vie, une extension de votre personnalit\u00e9.<br>C\u2019est pourquoi nous proposons des prestations compl\u00e8tes pour <strong>r\u00e9nover, personnaliser et am\u00e9liorer vos selles moto<\/strong>, en alliant <strong>savoir-faire artisanal<\/strong> et <strong>mat\u00e9riaux haut de gamme<\/strong>.<\/p>\n<\/div>\n\n\n\n<div style=\"margin-top:0;margin-bottom:0;height:var(--wp--preset--spacing--40)\" aria-hidden=\"true\" class=\"wp-block-spacer\"><\/div>\n\n\n\n<div class=\"wp-block-columns alignwide is-layout-flex wp-container-core-columns-is-layout-d0bbbce0 wp-block-columns-is-layout-flex\">\n<div class=\"wp-block-column is-layout-flow wp-container-core-column-is-layout-e3d1c41b wp-block-column-is-layout-flow\">\n<h3 class=\"wp-block-heading has-text-align-left has-body-font-family has-medium-font-size\" style=\"font-style:normal;font-weight:600\">Rabais<\/h3>\n\n\n\n<p>Selon l&rsquo;\u00e9paisseur comprise entre la housse et la coque de selle afin de gagner quelques centim\u00e8tres<\/p>\n<\/div>\n\n\n\n<div class=\"wp-block-column is-layout-flow wp-container-core-column-is-layout-e3d1c41b wp-block-column-is-layout-flow\">\n<h3 class=\"wp-block-heading has-text-align-left has-body-font-family has-medium-font-size\" style=\"font-style:normal;font-weight:600\">Augmentation<\/h3>\n\n\n\n<p class=\"has-text-align-left\">Possibilit\u00e9 de rajouter de la mousse afin d&rsquo;augmenter la hauteur<\/p>\n<\/div>\n\n\n\n<div class=\"wp-block-column is-layout-flow wp-container-core-column-is-layout-e3d1c41b wp-block-column-is-layout-flow\">\n<h3 class=\"wp-block-heading has-text-align-left has-body-font-family has-medium-font-size\" style=\"font-style:normal;font-weight:600\">Cr\u00e9ation compl\u00e8te<\/h3>\n\n\n\n<p class=\"has-text-align-left\">R\u00e9alisation de tout le bloc de mousse sur base custom \u00e0 l&rsquo;aide de diff\u00e9rentes densit\u00e9s<\/p>\n<\/div>\n<\/div>\n\n\n\n<div style=\"height:var(--wp--preset--spacing--20)\" aria-hidden=\"true\" class=\"wp-block-spacer\"><\/div>\n\n\n\n<div class=\"wp-block-columns alignwide is-layout-flex wp-container-core-columns-is-layout-d0bbbce0 wp-block-columns-is-layout-flex\">\n<div class=\"wp-block-column is-layout-flow wp-container-core-column-is-layout-e3d1c41b wp-block-column-is-layout-flow\">\n<h3 class=\"wp-block-heading has-text-align-left has-body-font-family has-medium-font-size\" style=\"font-style:normal;font-weight:600\">Confort<\/h3>\n\n\n\n<p class=\"has-text-align-left\">Mise en confort de la partie pilote et\/ou passager avec de la mousse Bultex ou HR selon le poids du pilote<\/p>\n<\/div>\n\n\n\n<div class=\"wp-block-column is-layout-flow wp-container-core-column-is-layout-e3d1c41b wp-block-column-is-layout-flow\">\n<h3 class=\"wp-block-heading has-text-align-left has-body-font-family has-medium-font-size\" style=\"font-style:normal;font-weight:600\">Dosseret<\/h3>\n\n\n\n<p class=\"has-text-align-left\">Cr\u00e9ation de dosseret de s\u00e9paration pilote\/passager<\/p>\n<\/div>\n\n\n\n<div class=\"wp-block-column is-layout-flow wp-container-core-column-is-layout-e3d1c41b wp-block-column-is-layout-flow\">\n<h3 class=\"wp-block-heading has-text-align-left has-body-font-family has-medium-font-size\" style=\"font-style:normal;font-weight:600\">Arr\u00eatoir passager<\/h3>\n\n\n\n<p class=\"has-text-align-left\">Rajout de mousse sur l&rsquo;avant passager afin d&rsquo;\u00e9viter le glissement sur l&rsquo;avant<\/p>\n<\/div>\n<\/div>\n<\/div>\n\n\n\n<div class=\"wp-block-group alignwide has-global-padding is-layout-constrained wp-container-core-group-is-layout-19e250f3 wp-block-group-is-layout-constrained\">\n<div class=\"wp-block-columns alignwide is-layout-flex wp-container-core-columns-is-layout-d1c656ed wp-block-columns-is-layout-flex\">\n<div class=\"wp-block-column is-vertically-aligned-center is-layout-flow wp-block-column-is-layout-flow\" style=\"flex-basis:60%\">\n<h3 class=\"wp-block-heading is-style-default\">Cr\u00e9ation Sur-Mesure<\/h3>\n\n\n\n<p class=\"has-text-align-left\">Vous r\u00eavez d&rsquo;une selle unique ? Nous cr\u00e9ons votre selle selon vos envies :<\/p>\n\n\n\n<ul style=\"line-height:1.75\" class=\"wp-block-list is-style-checkmark-list\">\n<li>Formes sp\u00e9ciales (caf\u00e9 racer, scrambler, custom, trail, touring, sportive, \u2026)<\/li>\n\n\n\n<li>Cuirs, similis cuirs, couleurs des fils, textures au choix<\/li>\n\n\n\n<li>Couture artisanale et finitions haut de gamme<\/li>\n<\/ul>\n\n\n\n<p>Chaque selle est une pi\u00e8ce unique fa\u00e7onn\u00e9e dans notre atelier.<\/p>\n<\/div>\n\n\n\n<div class=\"wp-block-column is-layout-flow wp-block-column-is-layout-flow\" style=\"flex-basis:40%\">\n<figure class=\"wp-block-image size-large is-style-rounded is-style-rounded--1\"><img loading=\"lazy\" decoding=\"async\" width=\"1024\" height=\"1024\" src=\"https:\/\/test.macadam-sellerie.com\/wp-content\/uploads\/2025\/04\/Sellerie_moto_sur_mesure-1024x1024.png\" alt=\"\" class=\"wp-image-295\" srcset=\"https:\/\/test.macadam-sellerie.com\/wp-content\/uploads\/2025\/04\/Sellerie_moto_sur_mesure-1024x1024.png 1024w, https:\/\/test.macadam-sellerie.com\/wp-content\/uploads\/2025\/04\/Sellerie_moto_sur_mesure-300x300.png 300w, https:\/\/test.macadam-sellerie.com\/wp-content\/uploads\/2025\/04\/Sellerie_moto_sur_mesure-150x150.png 150w, https:\/\/test.macadam-sellerie.com\/wp-content\/uploads\/2025\/04\/Sellerie_moto_sur_mesure-768x768.png 768w, https:\/\/test.macadam-sellerie.com\/wp-content\/uploads\/2025\/04\/Sellerie_moto_sur_mesure.png 1080w\" sizes=\"auto, (max-width: 1024px) 100vw, 1024px\" \/><\/figure>\n<\/div>\n<\/div>\n\n\n\n<div style=\"height:var(--wp--preset--spacing--40)\" aria-hidden=\"true\" class=\"wp-block-spacer\"><\/div>\n\n\n\n<div class=\"wp-block-columns alignwide is-layout-flex wp-container-core-columns-is-layout-d1c656ed wp-block-columns-is-layout-flex\">\n<div class=\"wp-block-column is-layout-flow wp-block-column-is-layout-flow\" style=\"flex-basis:40%\">\n<figure class=\"wp-block-image size-large is-style-rounded is-style-rounded--2\"><img loading=\"lazy\" decoding=\"async\" width=\"1024\" height=\"1024\" src=\"https:\/\/test.macadam-sellerie.com\/wp-content\/uploads\/2025\/04\/Sellerie_moto_ajout_confort-1024x1024.png\" alt=\"\" class=\"wp-image-296\" srcset=\"https:\/\/test.macadam-sellerie.com\/wp-content\/uploads\/2025\/04\/Sellerie_moto_ajout_confort-1024x1024.png 1024w, https:\/\/test.macadam-sellerie.com\/wp-content\/uploads\/2025\/04\/Sellerie_moto_ajout_confort-300x300.png 300w, https:\/\/test.macadam-sellerie.com\/wp-content\/uploads\/2025\/04\/Sellerie_moto_ajout_confort-150x150.png 150w, https:\/\/test.macadam-sellerie.com\/wp-content\/uploads\/2025\/04\/Sellerie_moto_ajout_confort-768x768.png 768w, https:\/\/test.macadam-sellerie.com\/wp-content\/uploads\/2025\/04\/Sellerie_moto_ajout_confort.png 1080w\" sizes=\"auto, (max-width: 1024px) 100vw, 1024px\" \/><\/figure>\n<\/div>\n\n\n\n<div class=\"wp-block-column is-vertically-aligned-center is-layout-flow wp-block-column-is-layout-flow\" style=\"flex-basis:60%\">\n<h3 class=\"wp-block-heading is-style-default\">Ajout de Confort<\/h3>\n\n\n\n<p>Roulez longtemps sans douleur gr\u00e2ce \u00e0 nos am\u00e9liorations :<\/p>\n\n\n\n<ul style=\"line-height:1.75\" class=\"wp-block-list is-style-checkmark-list\">\n<li>Mousse haute r\u00e9silience et Bultex<\/li>\n\n\n\n<li>Rabais ou r\u00e9hausse, modification de forme<\/li>\n\n\n\n<li>Ergonomie adapt\u00e9e \u00e0 votre posture<\/li>\n<\/ul>\n\n\n\n<p>Un confort sur mesure, m\u00eame pour les longues distances !<\/p>\n<\/div>\n<\/div>\n\n\n\n<div style=\"height:var(--wp--preset--spacing--40)\" aria-hidden=\"true\" class=\"wp-block-spacer\"><\/div>\n\n\n\n<div class=\"wp-block-columns alignwide is-layout-flex wp-container-core-columns-is-layout-d1c656ed wp-block-columns-is-layout-flex\">\n<div class=\"wp-block-column is-vertically-aligned-center is-layout-flow wp-block-column-is-layout-flow\" style=\"flex-basis:60%\">\n<h3 class=\"wp-block-heading is-style-default\">R\u00e9fection de Selle Moto<\/h3>\n\n\n\n<p class=\"has-text-align-left\">Votre selle est ab\u00eem\u00e9e, d\u00e9chir\u00e9e ?<br>Nous redonnons vie \u00e0 votre selle d&rsquo;origine en utilisant des mat\u00e9riaux haut de gamme et en respectant son style.<\/p>\n\n\n\n<p class=\"has-text-align-left\"><\/p>\n\n\n\n<ul style=\"line-height:1.75\" class=\"wp-block-list is-style-checkmark-list\">\n<li>R\u00e9paration de mousse<\/li>\n\n\n\n<li>Reprise des coutures, changement de pi\u00e8ce quand cela est possible<\/li>\n\n\n\n<li>Nouveau rev\u00eatement cuir ou simili<\/li>\n<\/ul>\n<\/div>\n\n\n\n<div class=\"wp-block-column is-layout-flow wp-block-column-is-layout-flow\" style=\"flex-basis:40%\">\n<figure class=\"wp-block-image size-large is-style-rounded is-style-rounded--3\"><img loading=\"lazy\" decoding=\"async\" width=\"1024\" height=\"1024\" src=\"https:\/\/test.macadam-sellerie.com\/wp-content\/uploads\/2025\/04\/Sellerie_moto_refection-1024x1024.png\" alt=\"\" class=\"wp-image-298\" srcset=\"https:\/\/test.macadam-sellerie.com\/wp-content\/uploads\/2025\/04\/Sellerie_moto_refection-1024x1024.png 1024w, https:\/\/test.macadam-sellerie.com\/wp-content\/uploads\/2025\/04\/Sellerie_moto_refection-300x300.png 300w, https:\/\/test.macadam-sellerie.com\/wp-content\/uploads\/2025\/04\/Sellerie_moto_refection-150x150.png 150w, https:\/\/test.macadam-sellerie.com\/wp-content\/uploads\/2025\/04\/Sellerie_moto_refection-768x768.png 768w, https:\/\/test.macadam-sellerie.com\/wp-content\/uploads\/2025\/04\/Sellerie_moto_refection.png 1080w\" sizes=\"auto, (max-width: 1024px) 100vw, 1024px\" \/><\/figure>\n<\/div>\n<\/div>\n\n\n\n<div style=\"height:var(--wp--preset--spacing--40)\" aria-hidden=\"true\" class=\"wp-block-spacer\"><\/div>\n\n\n\n<div class=\"wp-block-columns alignwide is-layout-flex wp-container-core-columns-is-layout-d1c656ed wp-block-columns-is-layout-flex\">\n<div class=\"wp-block-column is-layout-flow wp-block-column-is-layout-flow\" style=\"flex-basis:40%\">\n<figure class=\"wp-block-image size-large is-style-rounded is-style-rounded--4\"><img loading=\"lazy\" decoding=\"async\" width=\"1024\" height=\"1024\" src=\"https:\/\/test.macadam-sellerie.com\/wp-content\/uploads\/2025\/04\/Sellerie_moto_personnalisation-1-1024x1024.png\" alt=\"\" class=\"wp-image-302\" srcset=\"https:\/\/test.macadam-sellerie.com\/wp-content\/uploads\/2025\/04\/Sellerie_moto_personnalisation-1-1024x1024.png 1024w, https:\/\/test.macadam-sellerie.com\/wp-content\/uploads\/2025\/04\/Sellerie_moto_personnalisation-1-300x300.png 300w, https:\/\/test.macadam-sellerie.com\/wp-content\/uploads\/2025\/04\/Sellerie_moto_personnalisation-1-150x150.png 150w, https:\/\/test.macadam-sellerie.com\/wp-content\/uploads\/2025\/04\/Sellerie_moto_personnalisation-1-768x768.png 768w, https:\/\/test.macadam-sellerie.com\/wp-content\/uploads\/2025\/04\/Sellerie_moto_personnalisation-1.png 1080w\" sizes=\"auto, (max-width: 1024px) 100vw, 1024px\" \/><\/figure>\n<\/div>\n\n\n\n<div class=\"wp-block-column is-vertically-aligned-center is-layout-flow wp-block-column-is-layout-flow\" style=\"flex-basis:60%\">\n<h3 class=\"wp-block-heading is-style-default\">Personnalisation<\/h3>\n\n\n\n<p>Personnalisation, broderies sur mesure, gravure laser<\/p>\n\n\n\n<ul style=\"line-height:1.75\" class=\"wp-block-list is-style-checkmark-list\">\n<li>Logos ou motifs brod\u00e9s<\/li>\n\n\n\n<li>Marquage au laser pour des d\u00e9tails pr\u00e9cis<\/li>\n\n\n\n<li>Coutures contrast\u00e9es<\/li>\n\n\n\n<li>Combinaisons infinies de couleurs et mati\u00e8res<\/li>\n<\/ul>\n\n\n\n<p>Votre moto m\u00e9rite une sellerie qui vous ressemble !<\/p>\n<\/div>\n<\/div>\n<\/div>\n\n\n\n<div style=\"height:var(--wp--preset--spacing--40)\" aria-hidden=\"true\" class=\"wp-block-spacer\"><\/div>\n\n\n\n<div class=\"wp-block-group alignfull has-base-color has-contrast-background-color has-text-color has-background has-global-padding is-layout-constrained wp-container-core-group-is-layout-ef3d885c wp-block-group-is-layout-constrained\" style=\"margin-top:0;margin-bottom:0;padding-top:var(--wp--preset--spacing--60);padding-right:var(--wp--preset--spacing--60);padding-bottom:var(--wp--preset--spacing--60);padding-left:var(--wp--preset--spacing--60)\">\n<div class=\"wp-block-group has-global-padding is-layout-constrained wp-block-group-is-layout-constrained\">\n<p class=\"has-text-align-center has-base-color has-text-color has-heading-font-family has-x-large-font-size\" style=\"line-height:1.2\"><em>\ud83d\udcde Pr\u00eat \u00e0 donner vie \u00e0 votre projet ?<\/em><\/p>\n\n\n\n<div style=\"height:var(--wp--preset--spacing--10)\" aria-hidden=\"true\" class=\"wp-block-spacer\"><\/div>\n\n\n\n<div class=\"wp-block-buttons is-content-justification-center is-layout-flex wp-container-core-buttons-is-layout-a89b3969 wp-block-buttons-is-layout-flex\">\n<div class=\"wp-block-button\"><a class=\"wp-block-button__link has-base-color has-base-2-background-color has-text-color has-background has-link-color wp-element-button\" href=\"https:\/\/test.macadam-sellerie.com\/?page_id=102\">Contactez-nous<\/a><\/div>\n<\/div>\n<\/div>\n<\/div>\n","protected":false},"excerpt":{"rendered":"<p>Confort, Style et Sur-mesure Chez Macadam Sellerie, nous savons que votre moto est bien plus qu\u2019un simple moyen de transport : c\u2019est une passion, un style de vie, une extension de votre personnalit\u00e9.C\u2019est pourquoi nous proposons des prestations compl\u00e8tes pour r\u00e9nover, personnaliser et am\u00e9liorer vos selles moto, en alliant savoir-faire artisanal et mat\u00e9riaux haut de [&hellip;]<\/p>\n","protected":false},"author":2,"featured_media":0,"parent":0,"menu_order":0,"comment_status":"closed","ping_status":"closed","template":"","meta":{"footnotes":""},"tags":[],"class_list":["post-119","page","type-page","status-publish","hentry"],"_links":{"self":[{"href":"https:\/\/test.macadam-sellerie.com\/index.php?rest_route=\/wp\/v2\/pages\/119","targetHints":{"allow":["GET"]}}],"collection":[{"href":"https:\/\/test.macadam-sellerie.com\/index.php?rest_route=\/wp\/v2\/pages"}],"about":[{"href":"https:\/\/test.macadam-sellerie.com\/index.php?rest_route=\/wp\/v2\/types\/page"}],"author":[{"embeddable":true,"href":"https:\/\/test.macadam-sellerie.com\/index.php?rest_route=\/wp\/v2\/users\/2"}],"replies":[{"embeddable":true,"href":"https:\/\/test.macadam-sellerie.com\/index.php?rest_route=%2Fwp%2Fv2%2Fcomments&post=119"}],"version-history":[{"count":18,"href":"https:\/\/test.macadam-sellerie.com\/index.php?rest_route=\/wp\/v2\/pages\/119\/revisions"}],"predecessor-version":[{"id":334,"href":"https:\/\/test.macadam-sellerie.com\/index.php?rest_route=\/wp\/v2\/pages\/119\/revisions\/334"}],"wp:attachment":[{"href":"https:\/\/test.macadam-sellerie.com\/index.php?rest_route=%2Fwp%2Fv2%2Fmedia&parent=119"}],"wp:term":[{"taxonomy":"post_tag","embeddable":true,"href":"https:\/\/test.macadam-sellerie.com\/index.php?rest_route=%2Fwp%2Fv2%2Ftags&post=119"}],"curies":[{"name":"wp","href":"https:\/\/api.w.org\/{rel}","templated":true}]}}