{"id":113,"date":"2024-08-05T19:08:28","date_gmt":"2024-08-05T17:08:28","guid":{"rendered":"http:\/\/test.macadam-sellerie.com\/?page_id=113"},"modified":"2025-06-09T16:00:17","modified_gmt":"2025-06-09T14:00:17","slug":"ameublement","status":"publish","type":"page","link":"https:\/\/test.macadam-sellerie.com\/?page_id=113","title":{"rendered":"Ameublement"},"content":{"rendered":"\n<div class=\"wp-block-group is-vertical is-content-justification-left is-layout-flex wp-container-core-group-is-layout-0c556e27 wp-block-group-is-layout-flex\">\n<h2 class=\"wp-block-heading has-text-align-left is-style-default\">Redonnez vie \u00e0 vos assises<\/h2>\n\n\n\n<div style=\"height:0px\" aria-hidden=\"true\" class=\"wp-block-spacer wp-container-content-4f2ccadb\"><\/div>\n\n\n\n<p class=\"has-text-align-left\">Restaurer, moderniser ou personnaliser vos fauteuils, canap\u00e9s et chaises avec passion et pr\u00e9cision artisanale.<\/p>\n<\/div>\n\n\n\n<div style=\"height:1.25rem\" aria-hidden=\"true\" class=\"wp-block-spacer\"><\/div>\n\n\n\n<div class=\"wp-block-group alignwide has-global-padding is-layout-constrained wp-container-core-group-is-layout-19e250f3 wp-block-group-is-layout-constrained\">\n<div class=\"wp-block-columns alignwide is-layout-flex wp-container-core-columns-is-layout-d1c656ed wp-block-columns-is-layout-flex\">\n<div class=\"wp-block-column is-vertically-aligned-center is-layout-flow wp-block-column-is-layout-flow\" style=\"flex-basis:60%\">\n<h3 class=\"wp-block-heading is-style-default\">Restauration de mobilier<\/h3>\n\n\n\n<p class=\"has-text-align-left\">Nous proposons:<\/p>\n\n\n\n<ul class=\"wp-block-list\">\n<li>Changement du rev\u00eatement en cuir, simili cuir ou tissu<\/li>\n\n\n\n<li>R\u00e9paration et reprise de coutures <\/li>\n\n\n\n<li>R\u00e9fection compl\u00e8te ou partielle des si\u00e8ges (garniture mousse)<\/li>\n<\/ul>\n<\/div>\n\n\n\n<div class=\"wp-block-column is-layout-flow wp-block-column-is-layout-flow\" style=\"flex-basis:40%\">\n<figure class=\"wp-block-image size-large is-style-rounded is-style-rounded--1\"><img loading=\"lazy\" decoding=\"async\" width=\"1024\" height=\"1024\" src=\"https:\/\/test.macadam-sellerie.com\/wp-content\/uploads\/2024\/08\/20210914_124420-1024x1024.jpg\" alt=\"\" class=\"wp-image-80\" style=\"aspect-ratio:4\/3;object-fit:cover\" srcset=\"https:\/\/test.macadam-sellerie.com\/wp-content\/uploads\/2024\/08\/20210914_124420-1024x1024.jpg 1024w, https:\/\/test.macadam-sellerie.com\/wp-content\/uploads\/2024\/08\/20210914_124420-300x300.jpg 300w, https:\/\/test.macadam-sellerie.com\/wp-content\/uploads\/2024\/08\/20210914_124420-150x150.jpg 150w, https:\/\/test.macadam-sellerie.com\/wp-content\/uploads\/2024\/08\/20210914_124420-768x768.jpg 768w, https:\/\/test.macadam-sellerie.com\/wp-content\/uploads\/2024\/08\/20210914_124420-1536x1536.jpg 1536w, https:\/\/test.macadam-sellerie.com\/wp-content\/uploads\/2024\/08\/20210914_124420-2048x2048.jpg 2048w\" sizes=\"auto, (max-width: 1024px) 100vw, 1024px\" \/><\/figure>\n<\/div>\n<\/div>\n\n\n\n<div style=\"height:var(--wp--preset--spacing--40)\" aria-hidden=\"true\" class=\"wp-block-spacer\"><\/div>\n\n\n\n<div class=\"wp-block-columns alignwide is-layout-flex wp-container-core-columns-is-layout-d1c656ed wp-block-columns-is-layout-flex\">\n<div class=\"wp-block-column is-layout-flow wp-block-column-is-layout-flow\" style=\"flex-basis:40%\">\n<figure class=\"wp-block-image size-large is-style-rounded is-style-rounded--2\"><img loading=\"lazy\" decoding=\"async\" width=\"768\" height=\"1024\" src=\"https:\/\/test.macadam-sellerie.com\/wp-content\/uploads\/2024\/08\/IMG_0369-768x1024.jpg\" alt=\"\" class=\"wp-image-54\" style=\"aspect-ratio:1;object-fit:cover\" srcset=\"https:\/\/test.macadam-sellerie.com\/wp-content\/uploads\/2024\/08\/IMG_0369-768x1024.jpg 768w, https:\/\/test.macadam-sellerie.com\/wp-content\/uploads\/2024\/08\/IMG_0369-225x300.jpg 225w, https:\/\/test.macadam-sellerie.com\/wp-content\/uploads\/2024\/08\/IMG_0369-1152x1536.jpg 1152w, https:\/\/test.macadam-sellerie.com\/wp-content\/uploads\/2024\/08\/IMG_0369-1536x2048.jpg 1536w, https:\/\/test.macadam-sellerie.com\/wp-content\/uploads\/2024\/08\/IMG_0369-scaled.jpg 1920w\" sizes=\"auto, (max-width: 768px) 100vw, 768px\" \/><\/figure>\n<\/div>\n\n\n\n<div class=\"wp-block-column is-vertically-aligned-center is-layout-flow wp-block-column-is-layout-flow\" style=\"flex-basis:60%\">\n<h3 class=\"wp-block-heading is-style-default\">Donner du style<\/h3>\n\n\n\n<p>Accordez vos chaises \u00e0 votre d\u00e9co.<\/p>\n\n\n\n<p>Afin que vos chaises soient en harmonie avec votre d\u00e9coration int\u00e9rieure, nous les transformons avec des mati\u00e8res de haute qualit\u00e9. Choix des couleurs et finitions, afin de cr\u00e9er un style qui vous ressemble.<\/p>\n<\/div>\n<\/div>\n\n\n\n<div style=\"height:var(--wp--preset--spacing--40)\" aria-hidden=\"true\" class=\"wp-block-spacer\"><\/div>\n\n\n\n<div class=\"wp-block-columns alignwide is-layout-flex wp-container-core-columns-is-layout-d1c656ed wp-block-columns-is-layout-flex\">\n<div class=\"wp-block-column is-vertically-aligned-center is-layout-flow wp-block-column-is-layout-flow\" style=\"flex-basis:60%\">\n<h3 class=\"wp-block-heading is-style-default\">Ameublement sur mesure<\/h3>\n\n\n\n<p>Nous redonnons vie \u00e0 vos chaises, fauteuils, canap\u00e9s en cuir tout en respectant leur style d&rsquo;origine <\/p>\n<\/div>\n\n\n\n<div class=\"wp-block-column is-layout-flow wp-block-column-is-layout-flow\" style=\"flex-basis:40%\">\n<figure class=\"wp-block-image size-large is-style-rounded is-style-rounded--3\"><img loading=\"lazy\" decoding=\"async\" width=\"768\" height=\"1024\" src=\"https:\/\/test.macadam-sellerie.com\/wp-content\/uploads\/2024\/08\/chaises-suspenduesx2-Hoffmann-37-768x1024.jpg\" alt=\"\" class=\"wp-image-78\" style=\"aspect-ratio:3\/4;object-fit:cover\" srcset=\"https:\/\/test.macadam-sellerie.com\/wp-content\/uploads\/2024\/08\/chaises-suspenduesx2-Hoffmann-37-768x1024.jpg 768w, https:\/\/test.macadam-sellerie.com\/wp-content\/uploads\/2024\/08\/chaises-suspenduesx2-Hoffmann-37-225x300.jpg 225w, https:\/\/test.macadam-sellerie.com\/wp-content\/uploads\/2024\/08\/chaises-suspenduesx2-Hoffmann-37-1152x1536.jpg 1152w, https:\/\/test.macadam-sellerie.com\/wp-content\/uploads\/2024\/08\/chaises-suspenduesx2-Hoffmann-37-1536x2048.jpg 1536w, https:\/\/test.macadam-sellerie.com\/wp-content\/uploads\/2024\/08\/chaises-suspenduesx2-Hoffmann-37-scaled.jpg 1920w\" sizes=\"auto, (max-width: 768px) 100vw, 768px\" \/><\/figure>\n<\/div>\n<\/div>\n\n\n\n<div style=\"height:var(--wp--preset--spacing--40)\" aria-hidden=\"true\" class=\"wp-block-spacer\"><\/div>\n<\/div>\n\n\n\n<div class=\"wp-block-group alignfull has-base-color has-contrast-background-color has-text-color has-background has-global-padding is-layout-constrained wp-container-core-group-is-layout-ef3d885c wp-block-group-is-layout-constrained\" style=\"margin-top:0;margin-bottom:0;padding-top:var(--wp--preset--spacing--60);padding-right:var(--wp--preset--spacing--60);padding-bottom:var(--wp--preset--spacing--60);padding-left:var(--wp--preset--spacing--60)\">\n<div class=\"wp-block-group has-global-padding is-layout-constrained wp-block-group-is-layout-constrained\">\n<p class=\"has-text-align-center has-base-color has-text-color has-heading-font-family has-x-large-font-size\" style=\"line-height:1.2\"><em>\ud83d\udcde Pr\u00eat \u00e0 donner vie \u00e0 votre projet ?<\/em><\/p>\n\n\n\n<div style=\"height:var(--wp--preset--spacing--10)\" aria-hidden=\"true\" class=\"wp-block-spacer\"><\/div>\n\n\n\n<div class=\"wp-block-buttons is-content-justification-center is-layout-flex wp-container-core-buttons-is-layout-a89b3969 wp-block-buttons-is-layout-flex\">\n<div class=\"wp-block-button\"><a class=\"wp-block-button__link has-base-color has-base-2-background-color has-text-color has-background has-link-color wp-element-button\" href=\"https:\/\/test.macadam-sellerie.com\/?page_id=102\">Contactez-nous<\/a><\/div>\n<\/div>\n<\/div>\n<\/div>\n","protected":false},"excerpt":{"rendered":"<p>Redonnez vie \u00e0 vos assises Restaurer, moderniser ou personnaliser vos fauteuils, canap\u00e9s et chaises avec passion et pr\u00e9cision artisanale. Restauration de mobilier Nous proposons: Donner du style Accordez vos chaises \u00e0 votre d\u00e9co. Afin que vos chaises soient en harmonie avec votre d\u00e9coration int\u00e9rieure, nous les transformons avec des mati\u00e8res de haute qualit\u00e9. Choix des [&hellip;]<\/p>\n","protected":false},"author":2,"featured_media":0,"parent":0,"menu_order":0,"comment_status":"closed","ping_status":"closed","template":"","meta":{"footnotes":""},"tags":[],"class_list":["post-113","page","type-page","status-publish","hentry"],"_links":{"self":[{"href":"https:\/\/test.macadam-sellerie.com\/index.php?rest_route=\/wp\/v2\/pages\/113","targetHints":{"allow":["GET"]}}],"collection":[{"href":"https:\/\/test.macadam-sellerie.com\/index.php?rest_route=\/wp\/v2\/pages"}],"about":[{"href":"https:\/\/test.macadam-sellerie.com\/index.php?rest_route=\/wp\/v2\/types\/page"}],"author":[{"embeddable":true,"href":"https:\/\/test.macadam-sellerie.com\/index.php?rest_route=\/wp\/v2\/users\/2"}],"replies":[{"embeddable":true,"href":"https:\/\/test.macadam-sellerie.com\/index.php?rest_route=%2Fwp%2Fv2%2Fcomments&post=113"}],"version-history":[{"count":7,"href":"https:\/\/test.macadam-sellerie.com\/index.php?rest_route=\/wp\/v2\/pages\/113\/revisions"}],"predecessor-version":[{"id":339,"href":"https:\/\/test.macadam-sellerie.com\/index.php?rest_route=\/wp\/v2\/pages\/113\/revisions\/339"}],"wp:attachment":[{"href":"https:\/\/test.macadam-sellerie.com\/index.php?rest_route=%2Fwp%2Fv2%2Fmedia&parent=113"}],"wp:term":[{"taxonomy":"post_tag","embeddable":true,"href":"https:\/\/test.macadam-sellerie.com\/index.php?rest_route=%2Fwp%2Fv2%2Ftags&post=113"}],"curies":[{"name":"wp","href":"https:\/\/api.w.org\/{rel}","templated":true}]}}